{"id":1708,"date":"2026-02-19T11:44:59","date_gmt":"2026-02-19T11:44:59","guid":{"rendered":"https:\/\/sandrapaintings.com\/?post_type=product&#038;p=1708"},"modified":"2026-02-19T11:44:59","modified_gmt":"2026-02-19T11:44:59","slug":"nendres","status":"publish","type":"product","link":"https:\/\/sandrapaintings.com\/en\/art\/nendres\/","title":{"rendered":"Nendr\u0117s"},"content":{"rendered":"","protected":false},"excerpt":{"rendered":"<p>Stretched canvas<br \/>\nDimensions: 80x60x2 cm<br \/>\nMetai: 2026<\/p>","protected":false},"featured_media":1720,"comment_status":"open","ping_status":"closed","template":"","meta":{"_acf_changed":false},"product_cat":[17,27],"product_tag":[],"acf":[],"yoast_head":"<!-- This site is optimized with the Yoast SEO plugin v22.9 - https:\/\/yoast.com\/wordpress\/plugins\/seo\/ -->\n<title>Nendr\u0117s - SR PAINTINGS<\/title>\n<meta name=\"robots\" content=\"index, follow, max-snippet:-1, max-image-preview:large, max-video-preview:-1\" \/>\n<link rel=\"canonical\" href=\"https:\/\/sandrapaintings.com\/en\/art\/nendres\/\" \/>\n<meta property=\"og:locale\" content=\"en_US\" \/>\n<meta property=\"og:type\" content=\"article\" \/>\n<meta property=\"og:title\" content=\"Nendr\u0117s - SR PAINTINGS\" \/>\n<meta property=\"og:description\" content=\"Drob\u0117 su por\u0117miu I\u0161matavimai: 80x60x2 cm Metai: 2026\" \/>\n<meta property=\"og:url\" content=\"https:\/\/sandrapaintings.com\/en\/art\/nendres\/\" \/>\n<meta property=\"og:site_name\" content=\"SR PAINTINGS\" \/>\n<meta property=\"og:image\" content=\"https:\/\/sandrapaintings.com\/wp-content\/uploads\/2026\/02\/40322c86-16ee-452e-908b-34867fcac7dd.jpg\" \/>\n\t<meta property=\"og:image:width\" content=\"1492\" \/>\n\t<meta property=\"og:image:height\" content=\"2049\" \/>\n\t<meta property=\"og:image:type\" content=\"image\/jpeg\" \/>\n<meta name=\"twitter:card\" content=\"summary_large_image\" \/>\n<meta name=\"twitter:label1\" content=\"Est. reading time\" \/>\n\t<meta name=\"twitter:data1\" content=\"1 minute\" \/>\n<script type=\"application\/ld+json\" class=\"yoast-schema-graph\">{\"@context\":\"https:\/\/schema.org\",\"@graph\":[{\"@type\":\"WebPage\",\"@id\":\"https:\/\/sandrapaintings.com\/art\/nendres\/\",\"url\":\"https:\/\/sandrapaintings.com\/art\/nendres\/\",\"name\":\"Nendr\u0117s - SR PAINTINGS\",\"isPartOf\":{\"@id\":\"https:\/\/sandrapaintings.com\/#website\"},\"primaryImageOfPage\":{\"@id\":\"https:\/\/sandrapaintings.com\/art\/nendres\/#primaryimage\"},\"image\":{\"@id\":\"https:\/\/sandrapaintings.com\/art\/nendres\/#primaryimage\"},\"thumbnailUrl\":\"https:\/\/i0.wp.com\/sandrapaintings.com\/wp-content\/uploads\/2026\/02\/40322c86-16ee-452e-908b-34867fcac7dd.jpg?fit=1492%2C2049&ssl=1\",\"datePublished\":\"2026-02-19T11:44:59+00:00\",\"dateModified\":\"2026-02-19T11:44:59+00:00\",\"breadcrumb\":{\"@id\":\"https:\/\/sandrapaintings.com\/art\/nendres\/#breadcrumb\"},\"inLanguage\":\"en-US\",\"potentialAction\":[{\"@type\":\"ReadAction\",\"target\":[\"https:\/\/sandrapaintings.com\/art\/nendres\/\"]}]},{\"@type\":\"ImageObject\",\"inLanguage\":\"en-US\",\"@id\":\"https:\/\/sandrapaintings.com\/art\/nendres\/#primaryimage\",\"url\":\"https:\/\/i0.wp.com\/sandrapaintings.com\/wp-content\/uploads\/2026\/02\/40322c86-16ee-452e-908b-34867fcac7dd.jpg?fit=1492%2C2049&ssl=1\",\"contentUrl\":\"https:\/\/i0.wp.com\/sandrapaintings.com\/wp-content\/uploads\/2026\/02\/40322c86-16ee-452e-908b-34867fcac7dd.jpg?fit=1492%2C2049&ssl=1\",\"width\":1492,\"height\":2049},{\"@type\":\"BreadcrumbList\",\"@id\":\"https:\/\/sandrapaintings.com\/art\/nendres\/#breadcrumb\",\"itemListElement\":[{\"@type\":\"ListItem\",\"position\":1,\"name\":\"Home\",\"item\":\"https:\/\/sandrapaintings.com\/\"},{\"@type\":\"ListItem\",\"position\":2,\"name\":\"Paveikslai\",\"item\":\"https:\/\/sandrapaintings.com\/\"},{\"@type\":\"ListItem\",\"position\":3,\"name\":\"Nendr\u0117s\"}]},{\"@type\":\"WebSite\",\"@id\":\"https:\/\/sandrapaintings.com\/#website\",\"url\":\"https:\/\/sandrapaintings.com\/\",\"name\":\"SR PAINTINGS\",\"description\":\"\",\"publisher\":{\"@id\":\"https:\/\/sandrapaintings.com\/#\/schema\/person\/7b03b3d275112f5d722be2846e8f218f\"},\"potentialAction\":[{\"@type\":\"SearchAction\",\"target\":{\"@type\":\"EntryPoint\",\"urlTemplate\":\"https:\/\/sandrapaintings.com\/?s={search_term_string}\"},\"query-input\":\"required name=search_term_string\"}],\"inLanguage\":\"en-US\"},{\"@type\":[\"Person\",\"Organization\"],\"@id\":\"https:\/\/sandrapaintings.com\/#\/schema\/person\/7b03b3d275112f5d722be2846e8f218f\",\"name\":\"admin\",\"image\":{\"@type\":\"ImageObject\",\"inLanguage\":\"en-US\",\"@id\":\"https:\/\/sandrapaintings.com\/#\/schema\/person\/image\/\",\"url\":\"https:\/\/i0.wp.com\/paintingartsr.com\/wp-content\/uploads\/2022\/05\/cropped-sr-logo-juodas.webp?fit=512%2C512&ssl=1\",\"contentUrl\":\"https:\/\/i0.wp.com\/paintingartsr.com\/wp-content\/uploads\/2022\/05\/cropped-sr-logo-juodas.webp?fit=512%2C512&ssl=1\",\"width\":512,\"height\":512,\"caption\":\"admin\"},\"logo\":{\"@id\":\"https:\/\/sandrapaintings.com\/#\/schema\/person\/image\/\"},\"sameAs\":[\"http:\/\/paintingartsr.com\",\"https:\/\/www.instagram.com\/sandra_rag_art\/\"]}]}<\/script>\n<!-- \/ Yoast SEO plugin. -->","yoast_head_json":{"title":"Nendr\u0117s - SR PAINTINGS","robots":{"index":"index","follow":"follow","max-snippet":"max-snippet:-1","max-image-preview":"max-image-preview:large","max-video-preview":"max-video-preview:-1"},"canonical":"https:\/\/sandrapaintings.com\/en\/art\/nendres\/","og_locale":"en_US","og_type":"article","og_title":"Nendr\u0117s - SR PAINTINGS","og_description":"Drob\u0117 su por\u0117miu I\u0161matavimai: 80x60x2 cm Metai: 2026","og_url":"https:\/\/sandrapaintings.com\/en\/art\/nendres\/","og_site_name":"SR PAINTINGS","og_image":[{"width":1492,"height":2049,"url":"https:\/\/sandrapaintings.com\/wp-content\/uploads\/2026\/02\/40322c86-16ee-452e-908b-34867fcac7dd.jpg","type":"image\/jpeg"}],"twitter_card":"summary_large_image","twitter_misc":{"Est. reading time":"1 minute"},"schema":{"@context":"https:\/\/schema.org","@graph":[{"@type":"WebPage","@id":"https:\/\/sandrapaintings.com\/art\/nendres\/","url":"https:\/\/sandrapaintings.com\/art\/nendres\/","name":"Nendr\u0117s - SR PAINTINGS","isPartOf":{"@id":"https:\/\/sandrapaintings.com\/#website"},"primaryImageOfPage":{"@id":"https:\/\/sandrapaintings.com\/art\/nendres\/#primaryimage"},"image":{"@id":"https:\/\/sandrapaintings.com\/art\/nendres\/#primaryimage"},"thumbnailUrl":"https:\/\/i0.wp.com\/sandrapaintings.com\/wp-content\/uploads\/2026\/02\/40322c86-16ee-452e-908b-34867fcac7dd.jpg?fit=1492%2C2049&ssl=1","datePublished":"2026-02-19T11:44:59+00:00","dateModified":"2026-02-19T11:44:59+00:00","breadcrumb":{"@id":"https:\/\/sandrapaintings.com\/art\/nendres\/#breadcrumb"},"inLanguage":"en-US","potentialAction":[{"@type":"ReadAction","target":["https:\/\/sandrapaintings.com\/art\/nendres\/"]}]},{"@type":"ImageObject","inLanguage":"en-US","@id":"https:\/\/sandrapaintings.com\/art\/nendres\/#primaryimage","url":"https:\/\/i0.wp.com\/sandrapaintings.com\/wp-content\/uploads\/2026\/02\/40322c86-16ee-452e-908b-34867fcac7dd.jpg?fit=1492%2C2049&ssl=1","contentUrl":"https:\/\/i0.wp.com\/sandrapaintings.com\/wp-content\/uploads\/2026\/02\/40322c86-16ee-452e-908b-34867fcac7dd.jpg?fit=1492%2C2049&ssl=1","width":1492,"height":2049},{"@type":"BreadcrumbList","@id":"https:\/\/sandrapaintings.com\/art\/nendres\/#breadcrumb","itemListElement":[{"@type":"ListItem","position":1,"name":"Home","item":"https:\/\/sandrapaintings.com\/"},{"@type":"ListItem","position":2,"name":"Paveikslai","item":"https:\/\/sandrapaintings.com\/"},{"@type":"ListItem","position":3,"name":"Nendr\u0117s"}]},{"@type":"WebSite","@id":"https:\/\/sandrapaintings.com\/#website","url":"https:\/\/sandrapaintings.com\/","name":"SR PAINTINGS","description":"","publisher":{"@id":"https:\/\/sandrapaintings.com\/#\/schema\/person\/7b03b3d275112f5d722be2846e8f218f"},"potentialAction":[{"@type":"SearchAction","target":{"@type":"EntryPoint","urlTemplate":"https:\/\/sandrapaintings.com\/?s={search_term_string}"},"query-input":"required name=search_term_string"}],"inLanguage":"en-US"},{"@type":["Person","Organization"],"@id":"https:\/\/sandrapaintings.com\/#\/schema\/person\/7b03b3d275112f5d722be2846e8f218f","name":"admin","image":{"@type":"ImageObject","inLanguage":"en-US","@id":"https:\/\/sandrapaintings.com\/#\/schema\/person\/image\/","url":"https:\/\/i0.wp.com\/paintingartsr.com\/wp-content\/uploads\/2022\/05\/cropped-sr-logo-juodas.webp?fit=512%2C512&ssl=1","contentUrl":"https:\/\/i0.wp.com\/paintingartsr.com\/wp-content\/uploads\/2022\/05\/cropped-sr-logo-juodas.webp?fit=512%2C512&ssl=1","width":512,"height":512,"caption":"admin"},"logo":{"@id":"https:\/\/sandrapaintings.com\/#\/schema\/person\/image\/"},"sameAs":["http:\/\/paintingartsr.com","https:\/\/www.instagram.com\/sandra_rag_art\/"]}]}},"jetpack_sharing_enabled":true,"_links":{"self":[{"href":"https:\/\/sandrapaintings.com\/en\/wp-json\/wp\/v2\/product\/1708"}],"collection":[{"href":"https:\/\/sandrapaintings.com\/en\/wp-json\/wp\/v2\/product"}],"about":[{"href":"https:\/\/sandrapaintings.com\/en\/wp-json\/wp\/v2\/types\/product"}],"replies":[{"embeddable":true,"href":"https:\/\/sandrapaintings.com\/en\/wp-json\/wp\/v2\/comments?post=1708"}],"wp:featuredmedia":[{"embeddable":true,"href":"https:\/\/sandrapaintings.com\/en\/wp-json\/wp\/v2\/media\/1720"}],"wp:attachment":[{"href":"https:\/\/sandrapaintings.com\/en\/wp-json\/wp\/v2\/media?parent=1708"}],"wp:term":[{"taxonomy":"product_cat","embeddable":true,"href":"https:\/\/sandrapaintings.com\/en\/wp-json\/wp\/v2\/product_cat?post=1708"},{"taxonomy":"product_tag","embeddable":true,"href":"https:\/\/sandrapaintings.com\/en\/wp-json\/wp\/v2\/product_tag?post=1708"}],"curies":[{"name":"wp","href":"https:\/\/api.w.org\/{rel}","templated":true}]}}