{"id":1705,"date":"2026-02-18T22:41:44","date_gmt":"2026-02-18T22:41:44","guid":{"rendered":"https:\/\/sandrapaintings.com\/?post_type=product&#038;p=1705"},"modified":"2026-03-16T07:06:58","modified_gmt":"2026-03-16T07:06:58","slug":"pakopos","status":"publish","type":"product","link":"https:\/\/sandrapaintings.com\/en\/art\/pakopos\/","title":{"rendered":"Pakopos"},"content":{"rendered":"","protected":false},"excerpt":{"rendered":"<p>Stretched canvas<br \/>\n&lt;br&gt;I&scaron;matavimai: 120x100x4 cm<br \/>\n&lt;br&gt;Metai: 2025<\/p>","protected":false},"featured_media":1707,"comment_status":"open","ping_status":"closed","template":"","meta":{"_acf_changed":false},"product_cat":[18],"product_tag":[],"acf":[],"yoast_head":"<!-- This site is optimized with the Yoast SEO plugin v22.9 - https:\/\/yoast.com\/wordpress\/plugins\/seo\/ -->\n<title>Pakopos - SR PAINTINGS<\/title>\n<meta name=\"robots\" content=\"index, follow, max-snippet:-1, max-image-preview:large, max-video-preview:-1\" \/>\n<link rel=\"canonical\" href=\"https:\/\/sandrapaintings.com\/en\/art\/pakopos\/\" \/>\n<meta property=\"og:locale\" content=\"en_US\" \/>\n<meta property=\"og:type\" content=\"article\" \/>\n<meta property=\"og:title\" content=\"Pakopos - SR PAINTINGS\" \/>\n<meta property=\"og:description\" content=\"Drob\u0117 su por\u0117miu &lt;br&gt;I\u0161matavimai: 120x100x4 cm &lt;br&gt;Metai: 2025\" \/>\n<meta property=\"og:url\" content=\"https:\/\/sandrapaintings.com\/en\/art\/pakopos\/\" \/>\n<meta property=\"og:site_name\" content=\"SR PAINTINGS\" \/>\n<meta property=\"article:modified_time\" content=\"2026-03-16T07:06:58+00:00\" \/>\n<meta property=\"og:image\" content=\"https:\/\/sandrapaintings.com\/wp-content\/uploads\/2026\/02\/028c5a4a-0bf7-41f4-b695-4f4dd01be715-1.jpg\" \/>\n\t<meta property=\"og:image:width\" content=\"1938\" \/>\n\t<meta property=\"og:image:height\" content=\"2047\" \/>\n\t<meta property=\"og:image:type\" content=\"image\/jpeg\" \/>\n<meta name=\"twitter:card\" content=\"summary_large_image\" \/>\n<meta name=\"twitter:label1\" content=\"Est. reading time\" \/>\n\t<meta name=\"twitter:data1\" content=\"1 minute\" \/>\n<script type=\"application\/ld+json\" class=\"yoast-schema-graph\">{\"@context\":\"https:\/\/schema.org\",\"@graph\":[{\"@type\":\"WebPage\",\"@id\":\"https:\/\/sandrapaintings.com\/art\/pakopos\/\",\"url\":\"https:\/\/sandrapaintings.com\/art\/pakopos\/\",\"name\":\"Pakopos - SR PAINTINGS\",\"isPartOf\":{\"@id\":\"https:\/\/sandrapaintings.com\/#website\"},\"primaryImageOfPage\":{\"@id\":\"https:\/\/sandrapaintings.com\/art\/pakopos\/#primaryimage\"},\"image\":{\"@id\":\"https:\/\/sandrapaintings.com\/art\/pakopos\/#primaryimage\"},\"thumbnailUrl\":\"https:\/\/i0.wp.com\/sandrapaintings.com\/wp-content\/uploads\/2026\/02\/028c5a4a-0bf7-41f4-b695-4f4dd01be715-1.jpg?fit=1938%2C2047&ssl=1\",\"datePublished\":\"2026-02-18T22:41:44+00:00\",\"dateModified\":\"2026-03-16T07:06:58+00:00\",\"breadcrumb\":{\"@id\":\"https:\/\/sandrapaintings.com\/art\/pakopos\/#breadcrumb\"},\"inLanguage\":\"en-US\",\"potentialAction\":[{\"@type\":\"ReadAction\",\"target\":[\"https:\/\/sandrapaintings.com\/art\/pakopos\/\"]}]},{\"@type\":\"ImageObject\",\"inLanguage\":\"en-US\",\"@id\":\"https:\/\/sandrapaintings.com\/art\/pakopos\/#primaryimage\",\"url\":\"https:\/\/i0.wp.com\/sandrapaintings.com\/wp-content\/uploads\/2026\/02\/028c5a4a-0bf7-41f4-b695-4f4dd01be715-1.jpg?fit=1938%2C2047&ssl=1\",\"contentUrl\":\"https:\/\/i0.wp.com\/sandrapaintings.com\/wp-content\/uploads\/2026\/02\/028c5a4a-0bf7-41f4-b695-4f4dd01be715-1.jpg?fit=1938%2C2047&ssl=1\",\"width\":1938,\"height\":2047},{\"@type\":\"BreadcrumbList\",\"@id\":\"https:\/\/sandrapaintings.com\/art\/pakopos\/#breadcrumb\",\"itemListElement\":[{\"@type\":\"ListItem\",\"position\":1,\"name\":\"Home\",\"item\":\"https:\/\/sandrapaintings.com\/\"},{\"@type\":\"ListItem\",\"position\":2,\"name\":\"Paveikslai\",\"item\":\"https:\/\/sandrapaintings.com\/\"},{\"@type\":\"ListItem\",\"position\":3,\"name\":\"Pakopos\"}]},{\"@type\":\"WebSite\",\"@id\":\"https:\/\/sandrapaintings.com\/#website\",\"url\":\"https:\/\/sandrapaintings.com\/\",\"name\":\"SR PAINTINGS\",\"description\":\"\",\"publisher\":{\"@id\":\"https:\/\/sandrapaintings.com\/#\/schema\/person\/7b03b3d275112f5d722be2846e8f218f\"},\"potentialAction\":[{\"@type\":\"SearchAction\",\"target\":{\"@type\":\"EntryPoint\",\"urlTemplate\":\"https:\/\/sandrapaintings.com\/?s={search_term_string}\"},\"query-input\":\"required name=search_term_string\"}],\"inLanguage\":\"en-US\"},{\"@type\":[\"Person\",\"Organization\"],\"@id\":\"https:\/\/sandrapaintings.com\/#\/schema\/person\/7b03b3d275112f5d722be2846e8f218f\",\"name\":\"admin\",\"image\":{\"@type\":\"ImageObject\",\"inLanguage\":\"en-US\",\"@id\":\"https:\/\/sandrapaintings.com\/#\/schema\/person\/image\/\",\"url\":\"https:\/\/i0.wp.com\/paintingartsr.com\/wp-content\/uploads\/2022\/05\/cropped-sr-logo-juodas.webp?fit=512%2C512&ssl=1\",\"contentUrl\":\"https:\/\/i0.wp.com\/paintingartsr.com\/wp-content\/uploads\/2022\/05\/cropped-sr-logo-juodas.webp?fit=512%2C512&ssl=1\",\"width\":512,\"height\":512,\"caption\":\"admin\"},\"logo\":{\"@id\":\"https:\/\/sandrapaintings.com\/#\/schema\/person\/image\/\"},\"sameAs\":[\"http:\/\/paintingartsr.com\",\"https:\/\/www.instagram.com\/sandra_rag_art\/\"]}]}<\/script>\n<!-- \/ Yoast SEO plugin. -->","yoast_head_json":{"title":"Pakopos - SR PAINTINGS","robots":{"index":"index","follow":"follow","max-snippet":"max-snippet:-1","max-image-preview":"max-image-preview:large","max-video-preview":"max-video-preview:-1"},"canonical":"https:\/\/sandrapaintings.com\/en\/art\/pakopos\/","og_locale":"en_US","og_type":"article","og_title":"Pakopos - SR PAINTINGS","og_description":"Drob\u0117 su por\u0117miu &lt;br&gt;I\u0161matavimai: 120x100x4 cm &lt;br&gt;Metai: 2025","og_url":"https:\/\/sandrapaintings.com\/en\/art\/pakopos\/","og_site_name":"SR PAINTINGS","article_modified_time":"2026-03-16T07:06:58+00:00","og_image":[{"width":1938,"height":2047,"url":"https:\/\/sandrapaintings.com\/wp-content\/uploads\/2026\/02\/028c5a4a-0bf7-41f4-b695-4f4dd01be715-1.jpg","type":"image\/jpeg"}],"twitter_card":"summary_large_image","twitter_misc":{"Est. reading time":"1 minute"},"schema":{"@context":"https:\/\/schema.org","@graph":[{"@type":"WebPage","@id":"https:\/\/sandrapaintings.com\/art\/pakopos\/","url":"https:\/\/sandrapaintings.com\/art\/pakopos\/","name":"Pakopos - SR PAINTINGS","isPartOf":{"@id":"https:\/\/sandrapaintings.com\/#website"},"primaryImageOfPage":{"@id":"https:\/\/sandrapaintings.com\/art\/pakopos\/#primaryimage"},"image":{"@id":"https:\/\/sandrapaintings.com\/art\/pakopos\/#primaryimage"},"thumbnailUrl":"https:\/\/i0.wp.com\/sandrapaintings.com\/wp-content\/uploads\/2026\/02\/028c5a4a-0bf7-41f4-b695-4f4dd01be715-1.jpg?fit=1938%2C2047&ssl=1","datePublished":"2026-02-18T22:41:44+00:00","dateModified":"2026-03-16T07:06:58+00:00","breadcrumb":{"@id":"https:\/\/sandrapaintings.com\/art\/pakopos\/#breadcrumb"},"inLanguage":"en-US","potentialAction":[{"@type":"ReadAction","target":["https:\/\/sandrapaintings.com\/art\/pakopos\/"]}]},{"@type":"ImageObject","inLanguage":"en-US","@id":"https:\/\/sandrapaintings.com\/art\/pakopos\/#primaryimage","url":"https:\/\/i0.wp.com\/sandrapaintings.com\/wp-content\/uploads\/2026\/02\/028c5a4a-0bf7-41f4-b695-4f4dd01be715-1.jpg?fit=1938%2C2047&ssl=1","contentUrl":"https:\/\/i0.wp.com\/sandrapaintings.com\/wp-content\/uploads\/2026\/02\/028c5a4a-0bf7-41f4-b695-4f4dd01be715-1.jpg?fit=1938%2C2047&ssl=1","width":1938,"height":2047},{"@type":"BreadcrumbList","@id":"https:\/\/sandrapaintings.com\/art\/pakopos\/#breadcrumb","itemListElement":[{"@type":"ListItem","position":1,"name":"Home","item":"https:\/\/sandrapaintings.com\/"},{"@type":"ListItem","position":2,"name":"Paveikslai","item":"https:\/\/sandrapaintings.com\/"},{"@type":"ListItem","position":3,"name":"Pakopos"}]},{"@type":"WebSite","@id":"https:\/\/sandrapaintings.com\/#website","url":"https:\/\/sandrapaintings.com\/","name":"SR PAINTINGS","description":"","publisher":{"@id":"https:\/\/sandrapaintings.com\/#\/schema\/person\/7b03b3d275112f5d722be2846e8f218f"},"potentialAction":[{"@type":"SearchAction","target":{"@type":"EntryPoint","urlTemplate":"https:\/\/sandrapaintings.com\/?s={search_term_string}"},"query-input":"required name=search_term_string"}],"inLanguage":"en-US"},{"@type":["Person","Organization"],"@id":"https:\/\/sandrapaintings.com\/#\/schema\/person\/7b03b3d275112f5d722be2846e8f218f","name":"admin","image":{"@type":"ImageObject","inLanguage":"en-US","@id":"https:\/\/sandrapaintings.com\/#\/schema\/person\/image\/","url":"https:\/\/i0.wp.com\/paintingartsr.com\/wp-content\/uploads\/2022\/05\/cropped-sr-logo-juodas.webp?fit=512%2C512&ssl=1","contentUrl":"https:\/\/i0.wp.com\/paintingartsr.com\/wp-content\/uploads\/2022\/05\/cropped-sr-logo-juodas.webp?fit=512%2C512&ssl=1","width":512,"height":512,"caption":"admin"},"logo":{"@id":"https:\/\/sandrapaintings.com\/#\/schema\/person\/image\/"},"sameAs":["http:\/\/paintingartsr.com","https:\/\/www.instagram.com\/sandra_rag_art\/"]}]}},"jetpack_sharing_enabled":true,"_links":{"self":[{"href":"https:\/\/sandrapaintings.com\/en\/wp-json\/wp\/v2\/product\/1705"}],"collection":[{"href":"https:\/\/sandrapaintings.com\/en\/wp-json\/wp\/v2\/product"}],"about":[{"href":"https:\/\/sandrapaintings.com\/en\/wp-json\/wp\/v2\/types\/product"}],"replies":[{"embeddable":true,"href":"https:\/\/sandrapaintings.com\/en\/wp-json\/wp\/v2\/comments?post=1705"}],"wp:featuredmedia":[{"embeddable":true,"href":"https:\/\/sandrapaintings.com\/en\/wp-json\/wp\/v2\/media\/1707"}],"wp:attachment":[{"href":"https:\/\/sandrapaintings.com\/en\/wp-json\/wp\/v2\/media?parent=1705"}],"wp:term":[{"taxonomy":"product_cat","embeddable":true,"href":"https:\/\/sandrapaintings.com\/en\/wp-json\/wp\/v2\/product_cat?post=1705"},{"taxonomy":"product_tag","embeddable":true,"href":"https:\/\/sandrapaintings.com\/en\/wp-json\/wp\/v2\/product_tag?post=1705"}],"curies":[{"name":"wp","href":"https:\/\/api.w.org\/{rel}","templated":true}]}}