{"id":523,"date":"2019-11-12T10:24:44","date_gmt":"2019-11-12T10:24:44","guid":{"rendered":"http:\/\/demos.reytheme.com\/stockholm\/?page_id=523"},"modified":"2026-02-26T10:33:19","modified_gmt":"2026-02-26T10:33:19","slug":"about-me","status":"publish","type":"page","link":"https:\/\/sandrapaintings.com\/en\/about-me\/","title":{"rendered":"About me"},"content":{"rendered":"<div data-elementor-type=\"wp-page\" data-elementor-id=\"523\" class=\"elementor elementor-523\">\n\t\t\t\t\t\t<section class=\"elementor-section elementor-top-section elementor-element elementor-element-ac54fac rey-flexWrap elementor-section-boxed elementor-section-height-default elementor-section-height-default\" data-id=\"ac54fac\" data-element_type=\"section\">\n\t\t\t\t\t\t<div class=\"elementor-container elementor-column-gap-default\">\n\t\t\t\t\t<div class=\"elementor-column elementor-col-100 elementor-top-column elementor-element elementor-element-b1b4e57\" data-id=\"b1b4e57\" data-element_type=\"column\">\n\t\t\t<div class=\"elementor-column-wrap--b1b4e57 elementor-widget-wrap elementor-element-populated\">\n\t\t\t\t\t\t<div class=\"elementor-element elementor-element-50c09af elementor-widget elementor-widget-heading\" data-id=\"50c09af\" data-element_type=\"widget\" data-widget_type=\"heading.default\">\n\t\t\t\t<div class=\"elementor-widget-container\">\n\t\t\t\t\t<h1 class=\"elementor-heading-title elementor-size-default\">Sandra Ragaisiene<\/h1>\t\t\t\t<\/div>\n\t\t\t\t<\/div>\n\t\t\t\t<div class=\"elementor-element elementor-element-13ec9d2 elementor-widget-divider--view-line elementor-widget elementor-widget-divider\" data-id=\"13ec9d2\" data-element_type=\"widget\" data-widget_type=\"divider.default\">\n\t\t\t\t<div class=\"elementor-widget-container\">\n\t\t\t\t\t\t\t<div class=\"elementor-divider\">\n\t\t\t<span class=\"elementor-divider-separator\">\n\t\t\t\t\t\t<\/span>\n\t\t<\/div>\n\t\t\t\t\t\t<\/div>\n\t\t\t\t<\/div>\n\t\t\t\t\t<\/div>\n\t\t<\/div>\n\t\t\t\t\t<\/div>\n\t\t<\/section>\n\t\t\t\t<section class=\"elementor-section elementor-top-section elementor-element elementor-element-62fb3d9 elementor-section-boxed elementor-section-height-default elementor-section-height-default\" data-id=\"62fb3d9\" data-element_type=\"section\">\n\t\t\t\t\t\t<div class=\"elementor-container elementor-column-gap-no\">\n\t\t\t\t\t<div class=\"elementor-column elementor-col-50 elementor-top-column elementor-element elementor-element-b4d78bf rey-colbg--classic\" data-id=\"b4d78bf\" data-element_type=\"column\" data-settings=\"{&quot;background_background&quot;:&quot;classic&quot;}\">\n\t\t\t<div class=\"elementor-column-wrap--b4d78bf elementor-widget-wrap elementor-element-populated\">\n\t\t\t\t\t\t<div class=\"elementor-element elementor-element-42ee0b2 elementor-widget elementor-widget-reycore-acf-image\" data-id=\"42ee0b2\" data-element_type=\"widget\" data-widget_type=\"reycore-acf-image.default\">\n\t\t\t\t<div class=\"elementor-widget-container\">\n\t\t\t\t\t\n\t\t\t\n\t\t\t\t<img fetchpriority=\"high\" decoding=\"async\" width=\"768\" height=\"793\" src=\"https:\/\/i0.wp.com\/sandrapaintings.com\/wp-content\/uploads\/2022\/05\/280026477_10227772345162442_4655482527573841036_n2.webp?fit=768%2C793&amp;ssl=1\" class=\"attachment-medium_large size-medium_large wp-image-743\" alt=\"\" srcset=\"https:\/\/i0.wp.com\/sandrapaintings.com\/wp-content\/uploads\/2022\/05\/280026477_10227772345162442_4655482527573841036_n2.webp?w=1536&amp;ssl=1 1536w, https:\/\/i0.wp.com\/sandrapaintings.com\/wp-content\/uploads\/2022\/05\/280026477_10227772345162442_4655482527573841036_n2.webp?resize=291%2C300&amp;ssl=1 291w, https:\/\/i0.wp.com\/sandrapaintings.com\/wp-content\/uploads\/2022\/05\/280026477_10227772345162442_4655482527573841036_n2.webp?resize=992%2C1024&amp;ssl=1 992w, https:\/\/i0.wp.com\/sandrapaintings.com\/wp-content\/uploads\/2022\/05\/280026477_10227772345162442_4655482527573841036_n2.webp?resize=768%2C793&amp;ssl=1 768w, https:\/\/i0.wp.com\/sandrapaintings.com\/wp-content\/uploads\/2022\/05\/280026477_10227772345162442_4655482527573841036_n2.webp?resize=1489%2C1536&amp;ssl=1 1489w, https:\/\/i0.wp.com\/sandrapaintings.com\/wp-content\/uploads\/2022\/05\/280026477_10227772345162442_4655482527573841036_n2.webp?resize=1024%2C1057&amp;ssl=1 1024w, https:\/\/i0.wp.com\/sandrapaintings.com\/wp-content\/uploads\/2022\/05\/280026477_10227772345162442_4655482527573841036_n2.webp?resize=600%2C619&amp;ssl=1 600w\" sizes=\"(max-width: 768px) 100vw, 768px\" \/>\n\t\t\t\n\t\t\t\t\t\t<\/div>\n\t\t\t\t<\/div>\n\t\t\t\t\t<\/div>\n\t\t<\/div>\n\t\t\t\t<div class=\"elementor-column elementor-col-50 elementor-top-column elementor-element elementor-element-ab74c4b rey-colbg--classic\" data-id=\"ab74c4b\" data-element_type=\"column\" data-settings=\"{&quot;background_background&quot;:&quot;classic&quot;}\">\n\t\t\t<div class=\"elementor-column-wrap--ab74c4b elementor-widget-wrap elementor-element-populated\">\n\t\t\t\t\t\t<div class=\"elementor-element elementor-element-052957d elementor-widget elementor-widget-heading\" data-id=\"052957d\" data-element_type=\"widget\" data-widget_type=\"heading.default\">\n\t\t\t\t<div class=\"elementor-widget-container\">\n\t\t\t\t\t<h4 class=\"elementor-heading-title elementor-size-large\">Sandra Ragai\u0161ien\u0117<\/h4>\t\t\t\t<\/div>\n\t\t\t\t<\/div>\n\t\t\t\t<div class=\"elementor-element elementor-element-410f265 elementor-widget__width-auto elementor-hidden-phone elementor-widget-divider--view-line elementor-widget elementor-widget-divider\" data-id=\"410f265\" data-element_type=\"widget\" data-widget_type=\"divider.default\">\n\t\t\t\t<div class=\"elementor-widget-container\">\n\t\t\t\t\t\t\t<div class=\"elementor-divider\">\n\t\t\t<span class=\"elementor-divider-separator\">\n\t\t\t\t\t\t<\/span>\n\t\t<\/div>\n\t\t\t\t\t\t<\/div>\n\t\t\t\t<\/div>\n\t\t\t\t<div class=\"elementor-element elementor-element-7798eba elementor-widget elementor-widget-text-editor\" data-id=\"7798eba\" data-element_type=\"widget\" data-widget_type=\"text-editor.default\">\n\t\t\t\t<div class=\"elementor-widget-container\">\n\t\t\t\t\t\t\t\t\t<p class=\"MsoNormal\"><span lang=\"EN-US\">My passion for art <\/span><span lang=\"LT\">and fascination with colours and shapes transfers onto canvas in the form of beauty, which evokes emotion and involves feelings. My paintings are impulse paintings where inner emotion takes over and creates vibrant visual effects. These creations are an adventure of self-discovery and imagination as well as originating from my love for experimentation. I am still searching for my real creative path and exploring a wide range of different materials, techniques and styles. My works are a combination of realism and abstract painting, therefore they would look perfect in a contemporary, modern and even classic environment. I hope my works will evoke an energy of positivity and hope.&nbsp;<o:p><\/o:p><\/span><\/p>\t\t\t\t\t\t\t\t<\/div>\n\t\t\t\t<\/div>\n\t\t\t\t<div class=\"elementor-element elementor-element-5d5d298 elementor-widget elementor-widget-image\" data-id=\"5d5d298\" data-element_type=\"widget\" data-widget_type=\"image.default\">\n\t\t\t\t<div class=\"elementor-widget-container\">\n\t\t\t\t\t\t\t\t\t\t\t\t\t\t\t<img decoding=\"async\" width=\"496\" height=\"347\" src=\"https:\/\/i0.wp.com\/sandrapaintings.com\/wp-content\/uploads\/2022\/05\/sr-logo.webp?fit=496%2C347&amp;ssl=1\" class=\"attachment-large size-large wp-image-626\" alt=\"\" srcset=\"https:\/\/i0.wp.com\/sandrapaintings.com\/wp-content\/uploads\/2022\/05\/sr-logo.webp?w=496&amp;ssl=1 496w, https:\/\/i0.wp.com\/sandrapaintings.com\/wp-content\/uploads\/2022\/05\/sr-logo.webp?resize=300%2C210&amp;ssl=1 300w\" sizes=\"(max-width: 496px) 100vw, 496px\" \/>\t\t\t\t\t\t\t\t\t\t\t\t\t\t\t<\/div>\n\t\t\t\t<\/div>\n\t\t\t\t\t<\/div>\n\t\t<\/div>\n\t\t\t\t\t<\/div>\n\t\t<\/section>\n\t\t\t\t<\/div>","protected":false},"excerpt":{"rendered":"<p>Sandra Ragaisiene Sandra Ragai\u0161ien\u0117 Mano aistra menui, \u017eaidimas spalvomis ir formomis ant drobi\u0173 gimsta k\u016briniais. Tapymas suteikia galimybes pasidalinti tuo, kas slypi giliai sielos gelm\u0117se. Tai yra atradimo patirtis bei galimyb\u0117 eksperimentuoti. D\u017eiaugiuosi bandydama \u012fvairias med\u017eiagas ir tapymo technikas, tod\u0117l mano darbai labai \u012fvair\u016bs, nuo realistini\u0173 iki abstrak\u010di\u0173, galintys der\u0117ti \u0161iuolaikiniame, moderniame ar klasikiniame interjere. [&hellip;]<\/p>","protected":false},"author":1,"featured_media":0,"parent":0,"menu_order":0,"comment_status":"closed","ping_status":"closed","template":"template-builder.php","meta":{"_acf_changed":false,"footnotes":""},"acf":[],"yoast_head":"<!-- This site is optimized with the Yoast SEO plugin v22.9 - https:\/\/yoast.com\/wordpress\/plugins\/seo\/ -->\n<title>Apie mane - SR PAINTINGS<\/title>\n<meta name=\"description\" content=\"Sandra Ragaisiene, paveikslai, tapyba, abstrakt\u016bs paveikslai, modern\u016bs paveikslai\" \/>\n<meta name=\"robots\" content=\"index, follow, max-snippet:-1, max-image-preview:large, max-video-preview:-1\" \/>\n<link rel=\"canonical\" href=\"https:\/\/sandrapaintings.com\/en\/about-me\/\" \/>\n<meta property=\"og:locale\" content=\"en_US\" \/>\n<meta property=\"og:type\" content=\"article\" \/>\n<meta property=\"og:title\" content=\"Apie mane - SR PAINTINGS\" \/>\n<meta property=\"og:description\" content=\"Sandra Ragaisiene, paveikslai, tapyba, abstrakt\u016bs paveikslai, modern\u016bs paveikslai\" \/>\n<meta property=\"og:url\" content=\"https:\/\/sandrapaintings.com\/en\/about-me\/\" \/>\n<meta property=\"og:site_name\" content=\"SR PAINTINGS\" \/>\n<meta property=\"article:modified_time\" content=\"2026-02-26T10:33:19+00:00\" \/>\n<meta property=\"og:image\" content=\"https:\/\/paintingartsr.com\/wp-content\/uploads\/2022\/05\/280026477_10227772345162442_4655482527573841036_n2-768x793.webp\" \/>\n<meta name=\"twitter:card\" content=\"summary_large_image\" \/>\n<meta name=\"twitter:label1\" content=\"Est. reading time\" \/>\n\t<meta name=\"twitter:data1\" content=\"1 minute\" \/>\n<script type=\"application\/ld+json\" class=\"yoast-schema-graph\">{\"@context\":\"https:\/\/schema.org\",\"@graph\":[{\"@type\":\"WebPage\",\"@id\":\"https:\/\/sandrapaintings.com\/about-me\/\",\"url\":\"https:\/\/sandrapaintings.com\/about-me\/\",\"name\":\"Apie mane - SR PAINTINGS\",\"isPartOf\":{\"@id\":\"https:\/\/sandrapaintings.com\/#website\"},\"primaryImageOfPage\":{\"@id\":\"https:\/\/sandrapaintings.com\/about-me\/#primaryimage\"},\"image\":{\"@id\":\"https:\/\/sandrapaintings.com\/about-me\/#primaryimage\"},\"thumbnailUrl\":\"https:\/\/paintingartsr.com\/wp-content\/uploads\/2022\/05\/280026477_10227772345162442_4655482527573841036_n2-768x793.webp\",\"datePublished\":\"2019-11-12T10:24:44+00:00\",\"dateModified\":\"2026-02-26T10:33:19+00:00\",\"description\":\"Sandra Ragaisiene, paveikslai, tapyba, abstrakt\u016bs paveikslai, modern\u016bs paveikslai\",\"breadcrumb\":{\"@id\":\"https:\/\/sandrapaintings.com\/about-me\/#breadcrumb\"},\"inLanguage\":\"en-US\",\"potentialAction\":[{\"@type\":\"ReadAction\",\"target\":[\"https:\/\/sandrapaintings.com\/about-me\/\"]}]},{\"@type\":\"ImageObject\",\"inLanguage\":\"en-US\",\"@id\":\"https:\/\/sandrapaintings.com\/about-me\/#primaryimage\",\"url\":\"https:\/\/paintingartsr.com\/wp-content\/uploads\/2022\/05\/280026477_10227772345162442_4655482527573841036_n2-768x793.webp\",\"contentUrl\":\"https:\/\/paintingartsr.com\/wp-content\/uploads\/2022\/05\/280026477_10227772345162442_4655482527573841036_n2-768x793.webp\"},{\"@type\":\"BreadcrumbList\",\"@id\":\"https:\/\/sandrapaintings.com\/about-me\/#breadcrumb\",\"itemListElement\":[{\"@type\":\"ListItem\",\"position\":1,\"name\":\"Home\",\"item\":\"https:\/\/sandrapaintings.com\/\"},{\"@type\":\"ListItem\",\"position\":2,\"name\":\"Apie mane\"}]},{\"@type\":\"WebSite\",\"@id\":\"https:\/\/sandrapaintings.com\/#website\",\"url\":\"https:\/\/sandrapaintings.com\/\",\"name\":\"SR PAINTINGS\",\"description\":\"\",\"publisher\":{\"@id\":\"https:\/\/sandrapaintings.com\/#\/schema\/person\/7b03b3d275112f5d722be2846e8f218f\"},\"potentialAction\":[{\"@type\":\"SearchAction\",\"target\":{\"@type\":\"EntryPoint\",\"urlTemplate\":\"https:\/\/sandrapaintings.com\/?s={search_term_string}\"},\"query-input\":\"required name=search_term_string\"}],\"inLanguage\":\"en-US\"},{\"@type\":[\"Person\",\"Organization\"],\"@id\":\"https:\/\/sandrapaintings.com\/#\/schema\/person\/7b03b3d275112f5d722be2846e8f218f\",\"name\":\"admin\",\"image\":{\"@type\":\"ImageObject\",\"inLanguage\":\"en-US\",\"@id\":\"https:\/\/sandrapaintings.com\/#\/schema\/person\/image\/\",\"url\":\"https:\/\/i0.wp.com\/paintingartsr.com\/wp-content\/uploads\/2022\/05\/cropped-sr-logo-juodas.webp?fit=512%2C512&ssl=1\",\"contentUrl\":\"https:\/\/i0.wp.com\/paintingartsr.com\/wp-content\/uploads\/2022\/05\/cropped-sr-logo-juodas.webp?fit=512%2C512&ssl=1\",\"width\":512,\"height\":512,\"caption\":\"admin\"},\"logo\":{\"@id\":\"https:\/\/sandrapaintings.com\/#\/schema\/person\/image\/\"},\"sameAs\":[\"http:\/\/paintingartsr.com\",\"https:\/\/www.instagram.com\/sandra_rag_art\/\"]}]}<\/script>\n<!-- \/ Yoast SEO plugin. -->","yoast_head_json":{"title":"Apie mane - SR PAINTINGS","description":"Sandra Ragaisiene, paveikslai, tapyba, abstrakt\u016bs paveikslai, modern\u016bs paveikslai","robots":{"index":"index","follow":"follow","max-snippet":"max-snippet:-1","max-image-preview":"max-image-preview:large","max-video-preview":"max-video-preview:-1"},"canonical":"https:\/\/sandrapaintings.com\/en\/about-me\/","og_locale":"en_US","og_type":"article","og_title":"Apie mane - SR PAINTINGS","og_description":"Sandra Ragaisiene, paveikslai, tapyba, abstrakt\u016bs paveikslai, modern\u016bs paveikslai","og_url":"https:\/\/sandrapaintings.com\/en\/about-me\/","og_site_name":"SR PAINTINGS","article_modified_time":"2026-02-26T10:33:19+00:00","og_image":[{"url":"https:\/\/paintingartsr.com\/wp-content\/uploads\/2022\/05\/280026477_10227772345162442_4655482527573841036_n2-768x793.webp"}],"twitter_card":"summary_large_image","twitter_misc":{"Est. reading time":"1 minute"},"schema":{"@context":"https:\/\/schema.org","@graph":[{"@type":"WebPage","@id":"https:\/\/sandrapaintings.com\/about-me\/","url":"https:\/\/sandrapaintings.com\/about-me\/","name":"Apie mane - SR PAINTINGS","isPartOf":{"@id":"https:\/\/sandrapaintings.com\/#website"},"primaryImageOfPage":{"@id":"https:\/\/sandrapaintings.com\/about-me\/#primaryimage"},"image":{"@id":"https:\/\/sandrapaintings.com\/about-me\/#primaryimage"},"thumbnailUrl":"https:\/\/paintingartsr.com\/wp-content\/uploads\/2022\/05\/280026477_10227772345162442_4655482527573841036_n2-768x793.webp","datePublished":"2019-11-12T10:24:44+00:00","dateModified":"2026-02-26T10:33:19+00:00","description":"Sandra Ragaisiene, paveikslai, tapyba, abstrakt\u016bs paveikslai, modern\u016bs paveikslai","breadcrumb":{"@id":"https:\/\/sandrapaintings.com\/about-me\/#breadcrumb"},"inLanguage":"en-US","potentialAction":[{"@type":"ReadAction","target":["https:\/\/sandrapaintings.com\/about-me\/"]}]},{"@type":"ImageObject","inLanguage":"en-US","@id":"https:\/\/sandrapaintings.com\/about-me\/#primaryimage","url":"https:\/\/paintingartsr.com\/wp-content\/uploads\/2022\/05\/280026477_10227772345162442_4655482527573841036_n2-768x793.webp","contentUrl":"https:\/\/paintingartsr.com\/wp-content\/uploads\/2022\/05\/280026477_10227772345162442_4655482527573841036_n2-768x793.webp"},{"@type":"BreadcrumbList","@id":"https:\/\/sandrapaintings.com\/about-me\/#breadcrumb","itemListElement":[{"@type":"ListItem","position":1,"name":"Home","item":"https:\/\/sandrapaintings.com\/"},{"@type":"ListItem","position":2,"name":"Apie mane"}]},{"@type":"WebSite","@id":"https:\/\/sandrapaintings.com\/#website","url":"https:\/\/sandrapaintings.com\/","name":"SR PAINTINGS","description":"","publisher":{"@id":"https:\/\/sandrapaintings.com\/#\/schema\/person\/7b03b3d275112f5d722be2846e8f218f"},"potentialAction":[{"@type":"SearchAction","target":{"@type":"EntryPoint","urlTemplate":"https:\/\/sandrapaintings.com\/?s={search_term_string}"},"query-input":"required name=search_term_string"}],"inLanguage":"en-US"},{"@type":["Person","Organization"],"@id":"https:\/\/sandrapaintings.com\/#\/schema\/person\/7b03b3d275112f5d722be2846e8f218f","name":"admin","image":{"@type":"ImageObject","inLanguage":"en-US","@id":"https:\/\/sandrapaintings.com\/#\/schema\/person\/image\/","url":"https:\/\/i0.wp.com\/paintingartsr.com\/wp-content\/uploads\/2022\/05\/cropped-sr-logo-juodas.webp?fit=512%2C512&ssl=1","contentUrl":"https:\/\/i0.wp.com\/paintingartsr.com\/wp-content\/uploads\/2022\/05\/cropped-sr-logo-juodas.webp?fit=512%2C512&ssl=1","width":512,"height":512,"caption":"admin"},"logo":{"@id":"https:\/\/sandrapaintings.com\/#\/schema\/person\/image\/"},"sameAs":["http:\/\/paintingartsr.com","https:\/\/www.instagram.com\/sandra_rag_art\/"]}]}},"jetpack_sharing_enabled":true,"_links":{"self":[{"href":"https:\/\/sandrapaintings.com\/en\/wp-json\/wp\/v2\/pages\/523"}],"collection":[{"href":"https:\/\/sandrapaintings.com\/en\/wp-json\/wp\/v2\/pages"}],"about":[{"href":"https:\/\/sandrapaintings.com\/en\/wp-json\/wp\/v2\/types\/page"}],"author":[{"embeddable":true,"href":"https:\/\/sandrapaintings.com\/en\/wp-json\/wp\/v2\/users\/1"}],"replies":[{"embeddable":true,"href":"https:\/\/sandrapaintings.com\/en\/wp-json\/wp\/v2\/comments?post=523"}],"version-history":[{"count":1,"href":"https:\/\/sandrapaintings.com\/en\/wp-json\/wp\/v2\/pages\/523\/revisions"}],"predecessor-version":[{"id":1787,"href":"https:\/\/sandrapaintings.com\/en\/wp-json\/wp\/v2\/pages\/523\/revisions\/1787"}],"wp:attachment":[{"href":"https:\/\/sandrapaintings.com\/en\/wp-json\/wp\/v2\/media?parent=523"}],"curies":[{"name":"wp","href":"https:\/\/api.w.org\/{rel}","templated":true}]}}